{"id":19,"date":"2023-05-29T12:16:55","date_gmt":"2023-05-29T12:16:55","guid":{"rendered":"https:\/\/jokupojat.fi\/?page_id=19"},"modified":"2025-07-14T09:19:12","modified_gmt":"2025-07-14T09:19:12","slug":"ihmiset","status":"publish","type":"page","link":"https:\/\/jokupojat.fi\/index.php\/ihmiset\/","title":{"rendered":"Ihmiset"},"content":{"rendered":"\t\t<div data-elementor-type=\"wp-page\" data-elementor-id=\"19\" class=\"elementor elementor-19\">\n\t\t\t\t<div class=\"elementor-element elementor-element-8544fca e-flex e-con-boxed e-con e-parent\" data-id=\"8544fca\" data-element_type=\"container\">\n\t\t\t\t\t<div class=\"e-con-inner\">\n\t\t<div class=\"elementor-element elementor-element-1afceea e-con-full e-flex e-con e-child\" data-id=\"1afceea\" data-element_type=\"container\">\n\t\t\t\t<div class=\"elementor-element elementor-element-2efabc5 elementor-widget elementor-widget-image\" data-id=\"2efabc5\" data-element_type=\"widget\" data-widget_type=\"image.default\">\n\t\t\t\t\t\t\t\t\t\t\t\t\t\t\t<img fetchpriority=\"high\" decoding=\"async\" width=\"682\" height=\"1024\" src=\"https:\/\/jokupojat.fi\/wp-content\/uploads\/2025\/07\/WhatsApp-Image-2025-07-12-at-17.26.50-682x1024.jpeg\" class=\"attachment-large size-large wp-image-140\" alt=\"\" srcset=\"https:\/\/jokupojat.fi\/wp-content\/uploads\/2025\/07\/WhatsApp-Image-2025-07-12-at-17.26.50-682x1024.jpeg 682w, https:\/\/jokupojat.fi\/wp-content\/uploads\/2025\/07\/WhatsApp-Image-2025-07-12-at-17.26.50-200x300.jpeg 200w, https:\/\/jokupojat.fi\/wp-content\/uploads\/2025\/07\/WhatsApp-Image-2025-07-12-at-17.26.50-768x1153.jpeg 768w, https:\/\/jokupojat.fi\/wp-content\/uploads\/2025\/07\/WhatsApp-Image-2025-07-12-at-17.26.50-1023x1536.jpeg 1023w, https:\/\/jokupojat.fi\/wp-content\/uploads\/2025\/07\/WhatsApp-Image-2025-07-12-at-17.26.50.jpeg 1066w\" sizes=\"(max-width: 682px) 100vw, 682px\" \/>\t\t\t\t\t\t\t\t\t\t\t\t\t\t\t<\/div>\n\t\t\t\t<\/div>\n\t\t<div class=\"elementor-element elementor-element-8f7f182 e-con-full e-flex e-con e-child\" data-id=\"8f7f182\" data-element_type=\"container\">\n\t\t\t\t<div class=\"elementor-element elementor-element-e30a4cf elementor-widget elementor-widget-heading\" data-id=\"e30a4cf\" data-element_type=\"widget\" data-widget_type=\"heading.default\">\n\t\t\t\t\t<h1 class=\"elementor-heading-title elementor-size-default\">Ville Salminen<\/h1>\t\t\t\t<\/div>\n\t\t\t\t<div class=\"elementor-element elementor-element-34513c9 elementor-widget elementor-widget-text-editor\" data-id=\"34513c9\" data-element_type=\"widget\" data-widget_type=\"text-editor.default\">\n\t\t\t\t\t\t\t\t\t<div class=\"ux-info-line qe-dv-micro-text\">Olen rakennusalan ammattilainen, jolla on yli 25 vuoden kokemus saneeraust\u00f6ist\u00e4, erityisesti kylpyhuoneremonteista ja vedeneristyst\u00f6ist\u00e4. Ty\u00f6ni perustuu huolellisuuteen, selke\u00e4\u00e4n viestint\u00e4\u00e4n ja rakennusm\u00e4\u00e4r\u00e4ysten tuntemukseen. Jokainen projekti toteutetaan sovitussa aikataulussa ja asiakasta kuunnellen.<\/div><div>\u00a0<\/div><h3>Kysy lis\u00e4\u00e4!<\/h3><div>\u00a0<\/div><div class=\"ux-info-line qe-dv-micro-text\"><strong><span style=\"color: #000000;\"><a style=\"color: #000000;\" href=\"mailto:info.jokupojat@gmail.com\"><span class=\"ux-info-field\"><span class=\"qE-Editfield \"><span class=\"qE-EditLabel \"><span class=\" qE-EditLabel-inner\"><span class=\"dv-micro-text flex-center-v dv-title-text whitespacenormal\"><span class=\"ellipsis dv-text\" data-ellipsis=\"true\">info.jokupojat@gmail.com<\/span><\/span><\/span><\/span><\/span><\/span><\/a><\/span><\/strong><\/div><div class=\"ux-info-line qe-dv-micro-phone\"><span style=\"color: #000000;\"><strong><a style=\"color: #000000;\" href=\"tel:0400 459019\"><span class=\"ux-info-field\"><span class=\"qE-Editfield \"><span class=\"qE-EditLabel \"><span class=\" qE-EditLabel-inner\"><span class=\"vat pb-number-wrap\" data-ellipsis=\"true\">0400 459019<\/span><\/span><\/span><\/span><\/span><\/a><\/strong><\/span><\/div>\t\t\t\t\t\t\t\t<\/div>\n\t\t\t\t<\/div>\n\t\t\t\t\t<\/div>\n\t\t\t\t<\/div>\n\t\t<div class=\"elementor-element elementor-element-45e4517 e-flex e-con-boxed e-con e-parent\" data-id=\"45e4517\" data-element_type=\"container\">\n\t\t\t\t\t<div class=\"e-con-inner\">\n\t\t\t\t<div class=\"elementor-element elementor-element-805172c elementor-shape-circle elementor-grid-0 e-grid-align-center elementor-widget elementor-widget-social-icons\" data-id=\"805172c\" data-element_type=\"widget\" data-widget_type=\"social-icons.default\">\n\t\t\t\t\t\t\t<div class=\"elementor-social-icons-wrapper elementor-grid\" role=\"list\">\n\t\t\t\t\t\t\t<span class=\"elementor-grid-item\" role=\"listitem\">\n\t\t\t\t\t<a class=\"elementor-icon elementor-social-icon elementor-social-icon-facebook elementor-animation-pulse elementor-repeater-item-f50a61e\" href=\"https:\/\/www.facebook.com\/p\/Joku-Pojat-Oy-100090398433813\/\" target=\"_blank\">\n\t\t\t\t\t\t<span class=\"elementor-screen-only\">Facebook<\/span>\n\t\t\t\t\t\t<svg class=\"e-font-icon-svg e-fab-facebook\" viewBox=\"0 0 512 512\" xmlns=\"http:\/\/www.w3.org\/2000\/svg\"><path d=\"M504 256C504 119 393 8 256 8S8 119 8 256c0 123.78 90.69 226.38 209.25 245V327.69h-63V256h63v-54.64c0-62.15 37-96.48 93.67-96.48 27.14 0 55.52 4.84 55.52 4.84v61h-31.28c-30.8 0-40.41 19.12-40.41 38.73V256h68.78l-11 71.69h-57.78V501C413.31 482.38 504 379.78 504 256z\"><\/path><\/svg>\t\t\t\t\t<\/a>\n\t\t\t\t<\/span>\n\t\t\t\t\t\t\t<span class=\"elementor-grid-item\" role=\"listitem\">\n\t\t\t\t\t<a class=\"elementor-icon elementor-social-icon elementor-social-icon-instagram elementor-animation-pulse elementor-repeater-item-6624c9b\" href=\"https:\/\/www.instagram.com\/jokupojat\/#\" target=\"_blank\">\n\t\t\t\t\t\t<span class=\"elementor-screen-only\">Instagram<\/span>\n\t\t\t\t\t\t<svg class=\"e-font-icon-svg e-fab-instagram\" viewBox=\"0 0 448 512\" xmlns=\"http:\/\/www.w3.org\/2000\/svg\"><path d=\"M224.1 141c-63.6 0-114.9 51.3-114.9 114.9s51.3 114.9 114.9 114.9S339 319.5 339 255.9 287.7 141 224.1 141zm0 189.6c-41.1 0-74.7-33.5-74.7-74.7s33.5-74.7 74.7-74.7 74.7 33.5 74.7 74.7-33.6 74.7-74.7 74.7zm146.4-194.3c0 14.9-12 26.8-26.8 26.8-14.9 0-26.8-12-26.8-26.8s12-26.8 26.8-26.8 26.8 12 26.8 26.8zm76.1 27.2c-1.7-35.9-9.9-67.7-36.2-93.9-26.2-26.2-58-34.4-93.9-36.2-37-2.1-147.9-2.1-184.9 0-35.8 1.7-67.6 9.9-93.9 36.1s-34.4 58-36.2 93.9c-2.1 37-2.1 147.9 0 184.9 1.7 35.9 9.9 67.7 36.2 93.9s58 34.4 93.9 36.2c37 2.1 147.9 2.1 184.9 0 35.9-1.7 67.7-9.9 93.9-36.2 26.2-26.2 34.4-58 36.2-93.9 2.1-37 2.1-147.8 0-184.8zM398.8 388c-7.8 19.6-22.9 34.7-42.6 42.6-29.5 11.7-99.5 9-132.1 9s-102.7 2.6-132.1-9c-19.6-7.8-34.7-22.9-42.6-42.6-11.7-29.5-9-99.5-9-132.1s-2.6-102.7 9-132.1c7.8-19.6 22.9-34.7 42.6-42.6 29.5-11.7 99.5-9 132.1-9s102.7-2.6 132.1 9c19.6 7.8 34.7 22.9 42.6 42.6 11.7 29.5 9 99.5 9 132.1s2.7 102.7-9 132.1z\"><\/path><\/svg>\t\t\t\t\t<\/a>\n\t\t\t\t<\/span>\n\t\t\t\t\t<\/div>\n\t\t\t\t\t\t<\/div>\n\t\t\t\t<div class=\"elementor-element elementor-element-c54c980 elementor-widget elementor-widget-copyright\" data-id=\"c54c980\" data-element_type=\"widget\" data-settings=\"{&quot;align&quot;:&quot;right&quot;}\" data-widget_type=\"copyright.default\">\n\t\t\t\t<div class=\"elementor-widget-container\">\n\t\t\t\t\t\t\t<div class=\"hfe-copyright-wrapper\">\n\t\t\t\t\t\t\t<span>Copyright \u00a9 2026 Joku Pojat Oy<\/span>\n\t\t\t\t\t<\/div>\n\t\t\t\t\t\t<\/div>\n\t\t\t\t<\/div>\n\t\t\t\t<div class=\"elementor-element elementor-element-e7d59b4 elementor-widget elementor-widget-text-editor\" data-id=\"e7d59b4\" data-element_type=\"widget\" data-widget_type=\"text-editor.default\">\n\t\t\t\t\t\t\t\t\t<p>Joku Pojat Oy<br \/>Knuutintie 3, 02400 Kirkkonummi<br \/>Y-tunnus: 3339247-7<\/p>\t\t\t\t\t\t\t\t<\/div>\n\t\t\t\t\t<\/div>\n\t\t\t\t<\/div>\n\t\t\t\t<\/div>\n\t\t","protected":false},"excerpt":{"rendered":"<p>Ville Salminen Olen rakennusalan ammattilainen, jolla on yli 25 vuoden kokemus saneeraust\u00f6ist\u00e4, erityisesti kylpyhuoneremonteista ja vedeneristyst\u00f6ist\u00e4. Ty\u00f6ni perustuu huolellisuuteen, selke\u00e4\u00e4n viestint\u00e4\u00e4n ja rakennusm\u00e4\u00e4r\u00e4ysten tuntemukseen. Jokainen projekti toteutetaan sovitussa aikataulussa ja asiakasta kuunnellen.\u00a0 Kysy lis\u00e4\u00e4! \u00a0info.jokupojat@gmail.com0400 459019 Facebook Instagram Copyright \u00a9 &hellip; <\/p>\n","protected":false},"author":1,"featured_media":0,"parent":0,"menu_order":0,"comment_status":"closed","ping_status":"closed","template":"elementor_header_footer","meta":{"footnotes":""},"class_list":["post-19","page","type-page","status-publish","hentry"],"yoast_head":"<!-- This site is optimized with the Yoast SEO plugin v25.4 - https:\/\/yoast.com\/wordpress\/plugins\/seo\/ -->\n<title>Ihmiset -<\/title>\n<meta name=\"robots\" content=\"index, follow, max-snippet:-1, max-image-preview:large, max-video-preview:-1\" \/>\n<link rel=\"canonical\" href=\"https:\/\/jokupojat.fi\/index.php\/ihmiset\/\" \/>\n<meta property=\"og:locale\" content=\"fi_FI\" \/>\n<meta property=\"og:type\" content=\"article\" \/>\n<meta property=\"og:title\" content=\"Ihmiset -\" \/>\n<meta property=\"og:description\" content=\"Ville Salminen Olen rakennusalan ammattilainen, jolla on yli 25 vuoden kokemus saneeraust\u00f6ist\u00e4, erityisesti kylpyhuoneremonteista ja vedeneristyst\u00f6ist\u00e4. Ty\u00f6ni perustuu huolellisuuteen, selke\u00e4\u00e4n viestint\u00e4\u00e4n ja rakennusm\u00e4\u00e4r\u00e4ysten tuntemukseen. Jokainen projekti toteutetaan sovitussa aikataulussa ja asiakasta kuunnellen.\u00a0 Kysy lis\u00e4\u00e4! \u00a0info.jokupojat@gmail.com0400 459019 Facebook Instagram Copyright \u00a9 &hellip;\" \/>\n<meta property=\"og:url\" content=\"https:\/\/jokupojat.fi\/index.php\/ihmiset\/\" \/>\n<meta property=\"article:modified_time\" content=\"2025-07-14T09:19:12+00:00\" \/>\n<meta property=\"og:image\" content=\"https:\/\/jokupojat.fi\/wp-content\/uploads\/2025\/07\/WhatsApp-Image-2025-07-12-at-17.26.50.jpeg\" \/>\n\t<meta property=\"og:image:width\" content=\"1066\" \/>\n\t<meta property=\"og:image:height\" content=\"1600\" \/>\n\t<meta property=\"og:image:type\" content=\"image\/jpeg\" \/>\n<meta name=\"twitter:card\" content=\"summary_large_image\" \/>\n<meta name=\"twitter:label1\" content=\"Arvioitu lukuaika\" \/>\n\t<meta name=\"twitter:data1\" content=\"1 minuutti\" \/>\n<script type=\"application\/ld+json\" class=\"yoast-schema-graph\">{\"@context\":\"https:\/\/schema.org\",\"@graph\":[{\"@type\":\"WebPage\",\"@id\":\"https:\/\/jokupojat.fi\/index.php\/ihmiset\/\",\"url\":\"https:\/\/jokupojat.fi\/index.php\/ihmiset\/\",\"name\":\"Ihmiset -\",\"isPartOf\":{\"@id\":\"https:\/\/jokupojat.fi\/#website\"},\"primaryImageOfPage\":{\"@id\":\"https:\/\/jokupojat.fi\/index.php\/ihmiset\/#primaryimage\"},\"image\":{\"@id\":\"https:\/\/jokupojat.fi\/index.php\/ihmiset\/#primaryimage\"},\"thumbnailUrl\":\"https:\/\/jokupojat.fi\/wp-content\/uploads\/2025\/07\/WhatsApp-Image-2025-07-12-at-17.26.50-682x1024.jpeg\",\"datePublished\":\"2023-05-29T12:16:55+00:00\",\"dateModified\":\"2025-07-14T09:19:12+00:00\",\"breadcrumb\":{\"@id\":\"https:\/\/jokupojat.fi\/index.php\/ihmiset\/#breadcrumb\"},\"inLanguage\":\"fi\",\"potentialAction\":[{\"@type\":\"ReadAction\",\"target\":[\"https:\/\/jokupojat.fi\/index.php\/ihmiset\/\"]}]},{\"@type\":\"ImageObject\",\"inLanguage\":\"fi\",\"@id\":\"https:\/\/jokupojat.fi\/index.php\/ihmiset\/#primaryimage\",\"url\":\"https:\/\/jokupojat.fi\/wp-content\/uploads\/2025\/07\/WhatsApp-Image-2025-07-12-at-17.26.50.jpeg\",\"contentUrl\":\"https:\/\/jokupojat.fi\/wp-content\/uploads\/2025\/07\/WhatsApp-Image-2025-07-12-at-17.26.50.jpeg\",\"width\":1066,\"height\":1600},{\"@type\":\"BreadcrumbList\",\"@id\":\"https:\/\/jokupojat.fi\/index.php\/ihmiset\/#breadcrumb\",\"itemListElement\":[{\"@type\":\"ListItem\",\"position\":1,\"name\":\"Etusivu\",\"item\":\"https:\/\/jokupojat.fi\/\"},{\"@type\":\"ListItem\",\"position\":2,\"name\":\"Ihmiset\"}]},{\"@type\":\"WebSite\",\"@id\":\"https:\/\/jokupojat.fi\/#website\",\"url\":\"https:\/\/jokupojat.fi\/\",\"name\":\"\",\"description\":\"Kuka hoitaa? Joku Pojat!\",\"potentialAction\":[{\"@type\":\"SearchAction\",\"target\":{\"@type\":\"EntryPoint\",\"urlTemplate\":\"https:\/\/jokupojat.fi\/?s={search_term_string}\"},\"query-input\":{\"@type\":\"PropertyValueSpecification\",\"valueRequired\":true,\"valueName\":\"search_term_string\"}}],\"inLanguage\":\"fi\"}]}<\/script>\n<!-- \/ Yoast SEO plugin. -->","yoast_head_json":{"title":"Ihmiset -","robots":{"index":"index","follow":"follow","max-snippet":"max-snippet:-1","max-image-preview":"max-image-preview:large","max-video-preview":"max-video-preview:-1"},"canonical":"https:\/\/jokupojat.fi\/index.php\/ihmiset\/","og_locale":"fi_FI","og_type":"article","og_title":"Ihmiset -","og_description":"Ville Salminen Olen rakennusalan ammattilainen, jolla on yli 25 vuoden kokemus saneeraust\u00f6ist\u00e4, erityisesti kylpyhuoneremonteista ja vedeneristyst\u00f6ist\u00e4. Ty\u00f6ni perustuu huolellisuuteen, selke\u00e4\u00e4n viestint\u00e4\u00e4n ja rakennusm\u00e4\u00e4r\u00e4ysten tuntemukseen. Jokainen projekti toteutetaan sovitussa aikataulussa ja asiakasta kuunnellen.\u00a0 Kysy lis\u00e4\u00e4! \u00a0info.jokupojat@gmail.com0400 459019 Facebook Instagram Copyright \u00a9 &hellip;","og_url":"https:\/\/jokupojat.fi\/index.php\/ihmiset\/","article_modified_time":"2025-07-14T09:19:12+00:00","og_image":[{"width":1066,"height":1600,"url":"https:\/\/jokupojat.fi\/wp-content\/uploads\/2025\/07\/WhatsApp-Image-2025-07-12-at-17.26.50.jpeg","type":"image\/jpeg"}],"twitter_card":"summary_large_image","twitter_misc":{"Arvioitu lukuaika":"1 minuutti"},"schema":{"@context":"https:\/\/schema.org","@graph":[{"@type":"WebPage","@id":"https:\/\/jokupojat.fi\/index.php\/ihmiset\/","url":"https:\/\/jokupojat.fi\/index.php\/ihmiset\/","name":"Ihmiset -","isPartOf":{"@id":"https:\/\/jokupojat.fi\/#website"},"primaryImageOfPage":{"@id":"https:\/\/jokupojat.fi\/index.php\/ihmiset\/#primaryimage"},"image":{"@id":"https:\/\/jokupojat.fi\/index.php\/ihmiset\/#primaryimage"},"thumbnailUrl":"https:\/\/jokupojat.fi\/wp-content\/uploads\/2025\/07\/WhatsApp-Image-2025-07-12-at-17.26.50-682x1024.jpeg","datePublished":"2023-05-29T12:16:55+00:00","dateModified":"2025-07-14T09:19:12+00:00","breadcrumb":{"@id":"https:\/\/jokupojat.fi\/index.php\/ihmiset\/#breadcrumb"},"inLanguage":"fi","potentialAction":[{"@type":"ReadAction","target":["https:\/\/jokupojat.fi\/index.php\/ihmiset\/"]}]},{"@type":"ImageObject","inLanguage":"fi","@id":"https:\/\/jokupojat.fi\/index.php\/ihmiset\/#primaryimage","url":"https:\/\/jokupojat.fi\/wp-content\/uploads\/2025\/07\/WhatsApp-Image-2025-07-12-at-17.26.50.jpeg","contentUrl":"https:\/\/jokupojat.fi\/wp-content\/uploads\/2025\/07\/WhatsApp-Image-2025-07-12-at-17.26.50.jpeg","width":1066,"height":1600},{"@type":"BreadcrumbList","@id":"https:\/\/jokupojat.fi\/index.php\/ihmiset\/#breadcrumb","itemListElement":[{"@type":"ListItem","position":1,"name":"Etusivu","item":"https:\/\/jokupojat.fi\/"},{"@type":"ListItem","position":2,"name":"Ihmiset"}]},{"@type":"WebSite","@id":"https:\/\/jokupojat.fi\/#website","url":"https:\/\/jokupojat.fi\/","name":"","description":"Kuka hoitaa? Joku Pojat!","potentialAction":[{"@type":"SearchAction","target":{"@type":"EntryPoint","urlTemplate":"https:\/\/jokupojat.fi\/?s={search_term_string}"},"query-input":{"@type":"PropertyValueSpecification","valueRequired":true,"valueName":"search_term_string"}}],"inLanguage":"fi"}]}},"_links":{"self":[{"href":"https:\/\/jokupojat.fi\/index.php\/wp-json\/wp\/v2\/pages\/19","targetHints":{"allow":["GET"]}}],"collection":[{"href":"https:\/\/jokupojat.fi\/index.php\/wp-json\/wp\/v2\/pages"}],"about":[{"href":"https:\/\/jokupojat.fi\/index.php\/wp-json\/wp\/v2\/types\/page"}],"author":[{"embeddable":true,"href":"https:\/\/jokupojat.fi\/index.php\/wp-json\/wp\/v2\/users\/1"}],"replies":[{"embeddable":true,"href":"https:\/\/jokupojat.fi\/index.php\/wp-json\/wp\/v2\/comments?post=19"}],"version-history":[{"count":29,"href":"https:\/\/jokupojat.fi\/index.php\/wp-json\/wp\/v2\/pages\/19\/revisions"}],"predecessor-version":[{"id":263,"href":"https:\/\/jokupojat.fi\/index.php\/wp-json\/wp\/v2\/pages\/19\/revisions\/263"}],"wp:attachment":[{"href":"https:\/\/jokupojat.fi\/index.php\/wp-json\/wp\/v2\/media?parent=19"}],"curies":[{"name":"wp","href":"https:\/\/api.w.org\/{rel}","templated":true}]}}