{"id":2,"date":"2023-05-29T10:53:17","date_gmt":"2023-05-29T10:53:17","guid":{"rendered":"https:\/\/jokupojat.fi\/?page_id=2"},"modified":"2025-07-17T13:18:10","modified_gmt":"2025-07-17T13:18:10","slug":"etusivu","status":"publish","type":"page","link":"https:\/\/jokupojat.fi\/","title":{"rendered":"Etusivu"},"content":{"rendered":"\t\t<div data-elementor-type=\"wp-page\" data-elementor-id=\"2\" class=\"elementor elementor-2\">\n\t\t\t\t<div class=\"elementor-element elementor-element-401e091 e-con-full e-flex e-con e-parent\" data-id=\"401e091\" data-element_type=\"container\" data-settings=\"{&quot;background_background&quot;:&quot;slideshow&quot;,&quot;background_slideshow_gallery&quot;:[{&quot;id&quot;:134,&quot;url&quot;:&quot;https:\\\/\\\/jokupojat.fi\\\/wp-content\\\/uploads\\\/2025\\\/07\\\/modern-hexagon-tiled-background-scaled.jpg&quot;}],&quot;background_slideshow_loop&quot;:&quot;yes&quot;,&quot;background_slideshow_slide_duration&quot;:5000,&quot;background_slideshow_slide_transition&quot;:&quot;fade&quot;,&quot;background_slideshow_transition_duration&quot;:500}\">\n\t\t\t\t<div class=\"elementor-element elementor-element-e35054d elementor-widget elementor-widget-heading\" data-id=\"e35054d\" data-element_type=\"widget\" data-widget_type=\"heading.default\">\n\t\t\t\t\t<h2 class=\"elementor-heading-title elementor-size-default\">Kun kylpyhuone kaipaa tekij\u00e4\u00e4 \u2013<br> Palvelemme Kirkkonummelta k\u00e4sin<\/h2>\t\t\t\t<\/div>\n\t\t\t\t<\/div>\n\t\t<div class=\"elementor-element elementor-element-ec289e6 e-con-full e-flex e-con e-parent\" data-id=\"ec289e6\" data-element_type=\"container\">\n\t\t<div class=\"elementor-element elementor-element-347aaeb e-con-full e-flex e-con e-child\" data-id=\"347aaeb\" data-element_type=\"container\">\n\t\t\t\t<div class=\"elementor-element elementor-element-a742fcb elementor-widget elementor-widget-heading\" data-id=\"a742fcb\" data-element_type=\"widget\" data-widget_type=\"heading.default\">\n\t\t\t\t\t<h1 class=\"elementor-heading-title elementor-size-default\">Remonttipalvelut kokemuksella ja taidolla<\/h1>\t\t\t\t<\/div>\n\t\t\t\t<div class=\"elementor-element elementor-element-f726a8c elementor-widget elementor-widget-text-editor\" data-id=\"f726a8c\" data-element_type=\"widget\" data-widget_type=\"text-editor.default\">\n\t\t\t\t\t\t\t\t\t<p data-start=\"186\" data-end=\"440\">Teemme kaikenlaisia sis\u00e4remontteja, mutta intohimomme ja erikoisosaamisemme l\u00f6ytyv\u00e4t <strong>haastavista kylpyhuoneremonteista<\/strong>. Olipa kyseess\u00e4 pieni pintaremontti tai vaativa vesieristysurakka, hoidamme ty\u00f6n huolella alusta loppuun \u2013 kokeneesti ja luotettavasti.<\/p><p data-start=\"186\" data-end=\"440\">Yrityksemme on nuori, mutta meill\u00e4 on takanamme yli 25 vuoden kokemus rakennus- ja remontointialalta. T\u00e4m\u00e4 tarkoittaa, ett\u00e4 saat modernin palvelun yhdistettyn\u00e4 vuosien k\u00e4yt\u00e4nn\u00f6n tietotaitoon.\u00a0<\/p><p data-start=\"186\" data-end=\"440\">Tarjoamme <strong data-start=\"819\" data-end=\"851\">maksuttoman kartoitusk\u00e4ynnin.<\/strong>\u00a0<\/p><p data-start=\"186\" data-end=\"440\">Kaikki materiaalit on mahdollista saada meid\u00e4n kauttamme edullisesti.<\/p><p data-start=\"186\" data-end=\"440\">Yhteisty\u00f6kumppaneitamme ovat Laattapiste Pukkila, Stark, Stadin Power Works Oy ja LVI Kobra Oy.<\/p>\t\t\t\t\t\t\t\t<\/div>\n\t\t<div class=\"elementor-element elementor-element-64e0b86 e-con-full e-flex e-con e-child\" data-id=\"64e0b86\" data-element_type=\"container\">\n\t\t\t\t<div class=\"elementor-element elementor-element-df75969 elementor-widget elementor-widget-text-editor\" data-id=\"df75969\" data-element_type=\"widget\" data-widget_type=\"text-editor.default\">\n\t\t\t\t\t\t\t\t\t<p><strong>K\u00e4y katsomassa ty\u00f6mme j\u00e4lke\u00e4 Instagramissa ja vakuutu itse!<\/strong><\/p>\t\t\t\t\t\t\t\t<\/div>\n\t\t\t\t<div class=\"elementor-element elementor-element-da7b13a elementor-shape-rounded elementor-grid-0 e-grid-align-center elementor-widget elementor-widget-social-icons\" data-id=\"da7b13a\" data-element_type=\"widget\" data-widget_type=\"social-icons.default\">\n\t\t\t\t\t\t\t<div class=\"elementor-social-icons-wrapper elementor-grid\">\n\t\t\t\t\t\t\t<span class=\"elementor-grid-item\">\n\t\t\t\t\t<a class=\"elementor-icon elementor-social-icon elementor-social-icon-instagram elementor-repeater-item-f8b3292\" href=\"https:\/\/www.instagram.com\/jokupojat\/#\" target=\"_blank\">\n\t\t\t\t\t\t<span class=\"elementor-screen-only\">Instagram<\/span>\n\t\t\t\t\t\t<svg class=\"e-font-icon-svg e-fab-instagram\" viewBox=\"0 0 448 512\" xmlns=\"http:\/\/www.w3.org\/2000\/svg\"><path d=\"M224.1 141c-63.6 0-114.9 51.3-114.9 114.9s51.3 114.9 114.9 114.9S339 319.5 339 255.9 287.7 141 224.1 141zm0 189.6c-41.1 0-74.7-33.5-74.7-74.7s33.5-74.7 74.7-74.7 74.7 33.5 74.7 74.7-33.6 74.7-74.7 74.7zm146.4-194.3c0 14.9-12 26.8-26.8 26.8-14.9 0-26.8-12-26.8-26.8s12-26.8 26.8-26.8 26.8 12 26.8 26.8zm76.1 27.2c-1.7-35.9-9.9-67.7-36.2-93.9-26.2-26.2-58-34.4-93.9-36.2-37-2.1-147.9-2.1-184.9 0-35.8 1.7-67.6 9.9-93.9 36.1s-34.4 58-36.2 93.9c-2.1 37-2.1 147.9 0 184.9 1.7 35.9 9.9 67.7 36.2 93.9s58 34.4 93.9 36.2c37 2.1 147.9 2.1 184.9 0 35.9-1.7 67.7-9.9 93.9-36.2 26.2-26.2 34.4-58 36.2-93.9 2.1-37 2.1-147.8 0-184.8zM398.8 388c-7.8 19.6-22.9 34.7-42.6 42.6-29.5 11.7-99.5 9-132.1 9s-102.7 2.6-132.1-9c-19.6-7.8-34.7-22.9-42.6-42.6-11.7-29.5-9-99.5-9-132.1s-2.6-102.7 9-132.1c7.8-19.6 22.9-34.7 42.6-42.6 29.5-11.7 99.5-9 132.1-9s102.7-2.6 132.1 9c19.6 7.8 34.7 22.9 42.6 42.6 11.7 29.5 9 99.5 9 132.1s2.7 102.7-9 132.1z\"><\/path><\/svg>\t\t\t\t\t<\/a>\n\t\t\t\t<\/span>\n\t\t\t\t\t<\/div>\n\t\t\t\t\t\t<\/div>\n\t\t\t\t<\/div>\n\t\t\t\t<div class=\"elementor-element elementor-element-829b5bd elementor-widget elementor-widget-heading\" data-id=\"829b5bd\" data-element_type=\"widget\" data-widget_type=\"heading.default\">\n\t\t\t\t\t<h2 class=\"elementor-heading-title elementor-size-default\">Kylpyhuoneremontti tulossa? Saat s\u00e4hk\u00f6isen lattial\u00e4mmityksen ilman asennuskuluja!<\/h2>\t\t\t\t<\/div>\n\t\t\t\t<div class=\"elementor-element elementor-element-3d704eb elementor-widget elementor-widget-text-editor\" data-id=\"3d704eb\" data-element_type=\"widget\" data-widget_type=\"text-editor.default\">\n\t\t\t\t\t\t\t\t\t<p>Loppuvuoden etu: Saat <strong>s\u00e4hk\u00f6isen<\/strong> <strong data-start=\"721\" data-end=\"767\">lattial\u00e4mmityksen asennuksen veloituksetta<\/strong> kylpyhuoneremontin yhteydess\u00e4!<\/p><p>Ota rohkeasti yhteytt\u00e4 ja varaa omasi jo t\u00e4n\u00e4\u00e4n.<\/p><div class=\"ux-info-line qe-dv-micro-text\"><strong><span style=\"color: #000000;\"><a style=\"color: #000000;\" href=\"mailto:info.jokupojat@gmail.com\"><span class=\"ux-info-field\"><span class=\"qE-Editfield \"><span class=\"qE-EditLabel \"><span class=\" qE-EditLabel-inner\"><span class=\"dv-micro-text flex-center-v dv-title-text whitespacenormal\"><span class=\"ellipsis dv-text\" data-ellipsis=\"true\">info.jokupojat@gmail.com<\/span><\/span><\/span><\/span><\/span><\/span><\/a><\/span><\/strong><\/div><div class=\"ux-info-line qe-dv-micro-phone\"><span style=\"color: #000000;\"><strong><a style=\"color: #000000;\" href=\"tel:0400 459019\"><span class=\"ux-info-field\"><span class=\"qE-Editfield \"><span class=\"qE-EditLabel \"><span class=\" qE-EditLabel-inner\"><span class=\"vat pb-number-wrap\" data-ellipsis=\"true\">0400 459019<\/span><\/span><\/span><\/span><\/span><\/a><\/strong><\/span><\/div>\t\t\t\t\t\t\t\t<\/div>\n\t\t\t\t<\/div>\n\t\t<div class=\"elementor-element elementor-element-16d43f9 e-con-full e-flex e-con e-child\" data-id=\"16d43f9\" data-element_type=\"container\" data-settings=\"{&quot;background_background&quot;:&quot;classic&quot;}\">\n\t\t\t\t<div class=\"elementor-element elementor-element-e89dc82 elementor-widget elementor-widget-spacer\" data-id=\"e89dc82\" data-element_type=\"widget\" data-widget_type=\"spacer.default\">\n\t\t\t\t\t\t\t<div class=\"elementor-spacer\">\n\t\t\t<div class=\"elementor-spacer-inner\"><\/div>\n\t\t<\/div>\n\t\t\t\t\t\t<\/div>\n\t\t\t\t<\/div>\n\t\t\t\t<\/div>\n\t\t<div class=\"elementor-element elementor-element-07a7f62 e-flex e-con-boxed e-con e-parent\" data-id=\"07a7f62\" data-element_type=\"container\">\n\t\t\t\t\t<div class=\"e-con-inner\">\n\t\t\t\t<div class=\"elementor-element elementor-element-1492de7 elementor-shape-circle elementor-grid-0 e-grid-align-center elementor-widget elementor-widget-social-icons\" data-id=\"1492de7\" data-element_type=\"widget\" data-widget_type=\"social-icons.default\">\n\t\t\t\t\t\t\t<div class=\"elementor-social-icons-wrapper elementor-grid\" role=\"list\">\n\t\t\t\t\t\t\t<span class=\"elementor-grid-item\" role=\"listitem\">\n\t\t\t\t\t<a class=\"elementor-icon elementor-social-icon elementor-social-icon-facebook elementor-animation-pulse elementor-repeater-item-f50a61e\" href=\"https:\/\/www.facebook.com\/p\/Joku-Pojat-Oy-100090398433813\/\" target=\"_blank\">\n\t\t\t\t\t\t<span class=\"elementor-screen-only\">Facebook<\/span>\n\t\t\t\t\t\t<svg class=\"e-font-icon-svg e-fab-facebook\" viewBox=\"0 0 512 512\" xmlns=\"http:\/\/www.w3.org\/2000\/svg\"><path d=\"M504 256C504 119 393 8 256 8S8 119 8 256c0 123.78 90.69 226.38 209.25 245V327.69h-63V256h63v-54.64c0-62.15 37-96.48 93.67-96.48 27.14 0 55.52 4.84 55.52 4.84v61h-31.28c-30.8 0-40.41 19.12-40.41 38.73V256h68.78l-11 71.69h-57.78V501C413.31 482.38 504 379.78 504 256z\"><\/path><\/svg>\t\t\t\t\t<\/a>\n\t\t\t\t<\/span>\n\t\t\t\t\t\t\t<span class=\"elementor-grid-item\" role=\"listitem\">\n\t\t\t\t\t<a class=\"elementor-icon elementor-social-icon elementor-social-icon-instagram elementor-animation-pulse elementor-repeater-item-6624c9b\" href=\"https:\/\/www.instagram.com\/jokupojat\/#\" target=\"_blank\">\n\t\t\t\t\t\t<span class=\"elementor-screen-only\">Instagram<\/span>\n\t\t\t\t\t\t<svg class=\"e-font-icon-svg e-fab-instagram\" viewBox=\"0 0 448 512\" xmlns=\"http:\/\/www.w3.org\/2000\/svg\"><path d=\"M224.1 141c-63.6 0-114.9 51.3-114.9 114.9s51.3 114.9 114.9 114.9S339 319.5 339 255.9 287.7 141 224.1 141zm0 189.6c-41.1 0-74.7-33.5-74.7-74.7s33.5-74.7 74.7-74.7 74.7 33.5 74.7 74.7-33.6 74.7-74.7 74.7zm146.4-194.3c0 14.9-12 26.8-26.8 26.8-14.9 0-26.8-12-26.8-26.8s12-26.8 26.8-26.8 26.8 12 26.8 26.8zm76.1 27.2c-1.7-35.9-9.9-67.7-36.2-93.9-26.2-26.2-58-34.4-93.9-36.2-37-2.1-147.9-2.1-184.9 0-35.8 1.7-67.6 9.9-93.9 36.1s-34.4 58-36.2 93.9c-2.1 37-2.1 147.9 0 184.9 1.7 35.9 9.9 67.7 36.2 93.9s58 34.4 93.9 36.2c37 2.1 147.9 2.1 184.9 0 35.9-1.7 67.7-9.9 93.9-36.2 26.2-26.2 34.4-58 36.2-93.9 2.1-37 2.1-147.8 0-184.8zM398.8 388c-7.8 19.6-22.9 34.7-42.6 42.6-29.5 11.7-99.5 9-132.1 9s-102.7 2.6-132.1-9c-19.6-7.8-34.7-22.9-42.6-42.6-11.7-29.5-9-99.5-9-132.1s-2.6-102.7 9-132.1c7.8-19.6 22.9-34.7 42.6-42.6 29.5-11.7 99.5-9 132.1-9s102.7-2.6 132.1 9c19.6 7.8 34.7 22.9 42.6 42.6 11.7 29.5 9 99.5 9 132.1s2.7 102.7-9 132.1z\"><\/path><\/svg>\t\t\t\t\t<\/a>\n\t\t\t\t<\/span>\n\t\t\t\t\t<\/div>\n\t\t\t\t\t\t<\/div>\n\t\t\t\t<div class=\"elementor-element elementor-element-0339862 elementor-widget elementor-widget-copyright\" data-id=\"0339862\" data-element_type=\"widget\" data-settings=\"{&quot;align&quot;:&quot;right&quot;}\" data-widget_type=\"copyright.default\">\n\t\t\t\t<div class=\"elementor-widget-container\">\n\t\t\t\t\t\t\t<div class=\"hfe-copyright-wrapper\">\n\t\t\t\t\t\t\t<span>Copyright \u00a9 2026 Joku Pojat Oy<\/span>\n\t\t\t\t\t<\/div>\n\t\t\t\t\t\t<\/div>\n\t\t\t\t<\/div>\n\t\t\t\t<div class=\"elementor-element elementor-element-d8b1659 elementor-widget elementor-widget-text-editor\" data-id=\"d8b1659\" data-element_type=\"widget\" data-widget_type=\"text-editor.default\">\n\t\t\t\t\t\t\t\t\t<p>Joku Pojat Oy<br \/>Knuutintie 3, 02400 Kirkkonummi<br \/>Y-tunnus: 3339247-7<\/p>\t\t\t\t\t\t\t\t<\/div>\n\t\t\t\t\t<\/div>\n\t\t\t\t<\/div>\n\t\t\t\t<\/div>\n\t\t","protected":false},"excerpt":{"rendered":"<p>Kun kylpyhuone kaipaa tekij\u00e4\u00e4 \u2013 Palvelemme Kirkkonummelta k\u00e4sin Remonttipalvelut kokemuksella ja taidolla Teemme kaikenlaisia sis\u00e4remontteja, mutta intohimomme ja erikoisosaamisemme l\u00f6ytyv\u00e4t haastavista kylpyhuoneremonteista. Olipa kyseess\u00e4 pieni pintaremontti tai vaativa vesieristysurakka, hoidamme ty\u00f6n huolella alusta loppuun \u2013 kokeneesti ja luotettavasti. Yrityksemme on &hellip; <\/p>\n","protected":false},"author":1,"featured_media":0,"parent":0,"menu_order":0,"comment_status":"closed","ping_status":"closed","template":"elementor_header_footer","meta":{"footnotes":""},"class_list":["post-2","page","type-page","status-publish","hentry"],"yoast_head":"<!-- This site is optimized with the Yoast SEO plugin v25.4 - https:\/\/yoast.com\/wordpress\/plugins\/seo\/ -->\n<title>Etusivu -<\/title>\n<meta name=\"robots\" content=\"index, follow, max-snippet:-1, max-image-preview:large, max-video-preview:-1\" \/>\n<link rel=\"canonical\" href=\"https:\/\/jokupojat.fi\/\" \/>\n<meta property=\"og:locale\" content=\"fi_FI\" \/>\n<meta property=\"og:type\" content=\"article\" \/>\n<meta property=\"og:title\" content=\"Etusivu -\" \/>\n<meta property=\"og:description\" content=\"Kun kylpyhuone kaipaa tekij\u00e4\u00e4 \u2013 Palvelemme Kirkkonummelta k\u00e4sin Remonttipalvelut kokemuksella ja taidolla Teemme kaikenlaisia sis\u00e4remontteja, mutta intohimomme ja erikoisosaamisemme l\u00f6ytyv\u00e4t haastavista kylpyhuoneremonteista. Olipa kyseess\u00e4 pieni pintaremontti tai vaativa vesieristysurakka, hoidamme ty\u00f6n huolella alusta loppuun \u2013 kokeneesti ja luotettavasti. Yrityksemme on &hellip;\" \/>\n<meta property=\"og:url\" content=\"https:\/\/jokupojat.fi\/\" \/>\n<meta property=\"article:modified_time\" content=\"2025-07-17T13:18:10+00:00\" \/>\n<meta name=\"twitter:card\" content=\"summary_large_image\" \/>\n<meta name=\"twitter:label1\" content=\"Arvioitu lukuaika\" \/>\n\t<meta name=\"twitter:data1\" content=\"1 minuutti\" \/>\n<script type=\"application\/ld+json\" class=\"yoast-schema-graph\">{\"@context\":\"https:\/\/schema.org\",\"@graph\":[{\"@type\":\"WebPage\",\"@id\":\"https:\/\/jokupojat.fi\/\",\"url\":\"https:\/\/jokupojat.fi\/\",\"name\":\"Etusivu -\",\"isPartOf\":{\"@id\":\"https:\/\/jokupojat.fi\/#website\"},\"datePublished\":\"2023-05-29T10:53:17+00:00\",\"dateModified\":\"2025-07-17T13:18:10+00:00\",\"breadcrumb\":{\"@id\":\"https:\/\/jokupojat.fi\/#breadcrumb\"},\"inLanguage\":\"fi\",\"potentialAction\":[{\"@type\":\"ReadAction\",\"target\":[\"https:\/\/jokupojat.fi\/\"]}]},{\"@type\":\"BreadcrumbList\",\"@id\":\"https:\/\/jokupojat.fi\/#breadcrumb\",\"itemListElement\":[{\"@type\":\"ListItem\",\"position\":1,\"name\":\"Etusivu\",\"item\":\"https:\/\/jokupojat.fi\/\"},{\"@type\":\"ListItem\",\"position\":2,\"name\":\"Etusivu\"}]},{\"@type\":\"WebSite\",\"@id\":\"https:\/\/jokupojat.fi\/#website\",\"url\":\"https:\/\/jokupojat.fi\/\",\"name\":\"\",\"description\":\"Kuka hoitaa? Joku Pojat!\",\"potentialAction\":[{\"@type\":\"SearchAction\",\"target\":{\"@type\":\"EntryPoint\",\"urlTemplate\":\"https:\/\/jokupojat.fi\/?s={search_term_string}\"},\"query-input\":{\"@type\":\"PropertyValueSpecification\",\"valueRequired\":true,\"valueName\":\"search_term_string\"}}],\"inLanguage\":\"fi\"}]}<\/script>\n<!-- \/ Yoast SEO plugin. -->","yoast_head_json":{"title":"Etusivu -","robots":{"index":"index","follow":"follow","max-snippet":"max-snippet:-1","max-image-preview":"max-image-preview:large","max-video-preview":"max-video-preview:-1"},"canonical":"https:\/\/jokupojat.fi\/","og_locale":"fi_FI","og_type":"article","og_title":"Etusivu -","og_description":"Kun kylpyhuone kaipaa tekij\u00e4\u00e4 \u2013 Palvelemme Kirkkonummelta k\u00e4sin Remonttipalvelut kokemuksella ja taidolla Teemme kaikenlaisia sis\u00e4remontteja, mutta intohimomme ja erikoisosaamisemme l\u00f6ytyv\u00e4t haastavista kylpyhuoneremonteista. Olipa kyseess\u00e4 pieni pintaremontti tai vaativa vesieristysurakka, hoidamme ty\u00f6n huolella alusta loppuun \u2013 kokeneesti ja luotettavasti. Yrityksemme on &hellip;","og_url":"https:\/\/jokupojat.fi\/","article_modified_time":"2025-07-17T13:18:10+00:00","twitter_card":"summary_large_image","twitter_misc":{"Arvioitu lukuaika":"1 minuutti"},"schema":{"@context":"https:\/\/schema.org","@graph":[{"@type":"WebPage","@id":"https:\/\/jokupojat.fi\/","url":"https:\/\/jokupojat.fi\/","name":"Etusivu -","isPartOf":{"@id":"https:\/\/jokupojat.fi\/#website"},"datePublished":"2023-05-29T10:53:17+00:00","dateModified":"2025-07-17T13:18:10+00:00","breadcrumb":{"@id":"https:\/\/jokupojat.fi\/#breadcrumb"},"inLanguage":"fi","potentialAction":[{"@type":"ReadAction","target":["https:\/\/jokupojat.fi\/"]}]},{"@type":"BreadcrumbList","@id":"https:\/\/jokupojat.fi\/#breadcrumb","itemListElement":[{"@type":"ListItem","position":1,"name":"Etusivu","item":"https:\/\/jokupojat.fi\/"},{"@type":"ListItem","position":2,"name":"Etusivu"}]},{"@type":"WebSite","@id":"https:\/\/jokupojat.fi\/#website","url":"https:\/\/jokupojat.fi\/","name":"","description":"Kuka hoitaa? Joku Pojat!","potentialAction":[{"@type":"SearchAction","target":{"@type":"EntryPoint","urlTemplate":"https:\/\/jokupojat.fi\/?s={search_term_string}"},"query-input":{"@type":"PropertyValueSpecification","valueRequired":true,"valueName":"search_term_string"}}],"inLanguage":"fi"}]}},"_links":{"self":[{"href":"https:\/\/jokupojat.fi\/index.php\/wp-json\/wp\/v2\/pages\/2","targetHints":{"allow":["GET"]}}],"collection":[{"href":"https:\/\/jokupojat.fi\/index.php\/wp-json\/wp\/v2\/pages"}],"about":[{"href":"https:\/\/jokupojat.fi\/index.php\/wp-json\/wp\/v2\/types\/page"}],"author":[{"embeddable":true,"href":"https:\/\/jokupojat.fi\/index.php\/wp-json\/wp\/v2\/users\/1"}],"replies":[{"embeddable":true,"href":"https:\/\/jokupojat.fi\/index.php\/wp-json\/wp\/v2\/comments?post=2"}],"version-history":[{"count":82,"href":"https:\/\/jokupojat.fi\/index.php\/wp-json\/wp\/v2\/pages\/2\/revisions"}],"predecessor-version":[{"id":291,"href":"https:\/\/jokupojat.fi\/index.php\/wp-json\/wp\/v2\/pages\/2\/revisions\/291"}],"wp:attachment":[{"href":"https:\/\/jokupojat.fi\/index.php\/wp-json\/wp\/v2\/media?parent=2"}],"curies":[{"name":"wp","href":"https:\/\/api.w.org\/{rel}","templated":true}]}}